{"id":79,"date":"2024-06-26T12:51:57","date_gmt":"2024-06-26T12:51:57","guid":{"rendered":"https:\/\/www.konehirsi.fi\/?page_id=79"},"modified":"2024-06-27T09:35:37","modified_gmt":"2024-06-27T09:35:37","slug":"79-2","status":"publish","type":"page","link":"https:\/\/www.konehirsi.fi\/","title":{"rendered":""},"content":{"rendered":"\n<div style=\"height:6px\" aria-hidden=\"true\" class=\"wp-block-spacer\"><\/div>\n\n\n\n<div class=\"wp-block-columns alignfull is-layout-flex wp-container-core-columns-is-layout-9d6595d7 wp-block-columns-is-layout-flex\">\n<div class=\"wp-block-column is-layout-flow wp-block-column-is-layout-flow\">\n<div class=\"wp-block-cover is-light\" style=\"min-height:220px;aspect-ratio:unset;\"><span aria-hidden=\"true\" class=\"wp-block-cover__background has-cyan-bluish-gray-background-color has-background-dim-100 has-background-dim\"><\/span><div class=\"wp-block-cover__inner-container is-layout-constrained wp-block-cover-is-layout-constrained\">\n<p class=\"has-text-align-center has-large-font-size\">Uudet koneet<\/p>\n\n\n\n<p class=\"has-text-align-center\">Metalliteollisuuden k\u00e4ytt\u00f6\u00f6n<\/p>\n\n\n\n<div class=\"wp-block-buttons is-content-justification-center is-layout-flex wp-container-core-buttons-is-layout-16018d1d wp-block-buttons-is-layout-flex\">\n<div class=\"wp-block-button has-custom-width wp-block-button__width-100 is-style-outline is-style-outline--1\"><a class=\"wp-block-button__link has-text-align-center wp-element-button\" href=\"https:\/\/www.konehirsi.fi\/?page_id=14\">Katso lis\u00e4\u00e4!<\/a><\/div>\n<\/div>\n<\/div><\/div>\n<\/div>\n\n\n\n<div class=\"wp-block-column is-layout-flow wp-block-column-is-layout-flow\">\n<div class=\"wp-block-cover is-light\" style=\"min-height:220px;aspect-ratio:unset;\"><span aria-hidden=\"true\" class=\"wp-block-cover__background has-pale-pink-background-color has-background-dim-100 has-background-dim\"><\/span><div class=\"wp-block-cover__inner-container is-layout-constrained wp-block-cover-is-layout-constrained\">\n<p class=\"has-text-align-center has-large-font-size\">K\u00e4ytetyt koneet<\/p>\n\n\n\n<p class=\"has-text-align-center\">Metalli- ja puuteollisuuden k\u00e4ytt\u00f6\u00f6n<\/p>\n\n\n\n<div class=\"wp-block-buttons is-content-justification-center is-layout-flex wp-container-core-buttons-is-layout-16018d1d wp-block-buttons-is-layout-flex\">\n<div class=\"wp-block-button has-custom-width wp-block-button__width-100 is-style-outline is-style-outline--2\"><a class=\"wp-block-button__link has-text-align-center wp-element-button\" href=\"https:\/\/www.konehirsi.fi\/?page_id=16\">Katso lis\u00e4\u00e4!<\/a><\/div>\n<\/div>\n<\/div><\/div>\n<\/div>\n\n\n\n<div class=\"wp-block-column is-layout-flow wp-block-column-is-layout-flow\">\n<div class=\"wp-block-cover is-light\" style=\"min-height:220px;aspect-ratio:unset;\"><span aria-hidden=\"true\" class=\"wp-block-cover__background has-luminous-vivid-amber-background-color has-background-dim-100 has-background-dim\"><\/span><div class=\"wp-block-cover__inner-container is-layout-constrained wp-block-cover-is-layout-constrained\">\n<p class=\"has-text-align-center has-large-font-size\">Muuta myyt\u00e4v\u00e4\u00e4<\/p>\n\n\n\n<p class=\"has-text-align-center\">Katso mit\u00e4 muuta meill\u00e4 on myyt\u00e4v\u00e4n\u00e4<\/p>\n\n\n\n<div class=\"wp-block-buttons is-content-justification-center is-layout-flex wp-container-core-buttons-is-layout-16018d1d wp-block-buttons-is-layout-flex\">\n<div class=\"wp-block-button has-custom-width wp-block-button__width-100 is-style-outline is-style-outline--3\"><a class=\"wp-block-button__link has-text-align-center wp-element-button\" href=\"https:\/\/www.konehirsi.fi\/?page_id=18\">Katso lis\u00e4\u00e4!<\/a><\/div>\n<\/div>\n<\/div><\/div>\n<\/div>\n<\/div>\n\n\n\n<figure class=\"wp-block-pullquote alignfull has-text-align-center has-white-background-color has-background\"><blockquote><p><strong>Laatukoneet niin uutena kuin k\u00e4ytettyn\u00e4kin<\/strong><\/p><\/blockquote><\/figure>\n\n\n\n<h1 class=\"wp-block-heading\" style=\"font-size:27px\">Koneiden myynti Lahti<\/h1>\n\n\n\n<h2 class=\"wp-block-heading has-medium-font-size\">Koneet ja laitteet metalliteollisuuden k\u00e4ytt\u00f6\u00f6n<\/h2>\n\n\n\n<p>KR Konehirsi Oy on vuonna 1994 perustettu metallialan yritys, joka toimii Lahdessa. Palveluihimme kuuluvat metallin ty\u00f6st\u00f6\u00f6n tarkoitettujen koneiden myynti ja maahantuonti sek\u00e4 kone- ja laitevalmistus. Meilt\u00e4 saat hankittua hyv\u00e4kuntoiset koneet ja laitteet metalliteollisuuteen ja muuhun teollisuusk\u00e4ytt\u00f6\u00f6n. Vastaamme maahantuomiemme ty\u00f6st\u00f6koneiden huollosta tarpeen mukaan.<\/p>\n\n\n\n<h2 class=\"wp-block-heading has-medium-font-size\">Uudet ja k\u00e4ytetyt koneet \u2013 tutustu valikoimaan!<\/h2>\n\n\n\n<p>Tarjoamme hyv\u00e4n valikoiman sek\u00e4 uusia ett\u00e4 k\u00e4ytettyj\u00e4 koneita. Tuotevalikoimaamme kuuluvat esimerkiksi:<\/p>\n\n\n\n<ul class=\"wp-block-list\">\n<li>porajyrsinkoneet<\/li>\n\n\n\n<li>CNC-koneet<\/li>\n\n\n\n<li>muut metallinty\u00f6st\u00f6koneet<\/li>\n\n\n\n<li>puunty\u00f6st\u00f6koneet<\/li>\n\n\n\n<li>Katso kuvat ja lis\u00e4tiedot koko valikoimastamme <code><a href=\"https:\/\/www.konehirsi.fi\/?page_id=156\" data-type=\"page\" data-id=\"18\">Myyt\u00e4v\u00e4t tuotteet-sivulta<\/a><\/code>.<\/li>\n<\/ul>\n","protected":false},"excerpt":{"rendered":"<p>Laatukoneet niin uutena kuin k\u00e4ytettyn\u00e4kin Koneiden myynti Lahti Koneet ja laitteet metalliteollisuuden k\u00e4ytt\u00f6\u00f6n KR Konehirsi Oy on vuonna 1994 perustettu metallialan yritys, joka toimii Lahdessa. Palveluihimme kuuluvat metallin ty\u00f6st\u00f6\u00f6n tarkoitettujen&hellip;<\/p>\n","protected":false},"author":1,"featured_media":0,"parent":0,"menu_order":0,"comment_status":"closed","ping_status":"closed","template":"","meta":{"footnotes":""},"class_list":["post-79","page","type-page","status-publish","hentry"],"_links":{"self":[{"href":"https:\/\/www.konehirsi.fi\/index.php?rest_route=\/wp\/v2\/pages\/79","targetHints":{"allow":["GET"]}}],"collection":[{"href":"https:\/\/www.konehirsi.fi\/index.php?rest_route=\/wp\/v2\/pages"}],"about":[{"href":"https:\/\/www.konehirsi.fi\/index.php?rest_route=\/wp\/v2\/types\/page"}],"author":[{"embeddable":true,"href":"https:\/\/www.konehirsi.fi\/index.php?rest_route=\/wp\/v2\/users\/1"}],"replies":[{"embeddable":true,"href":"https:\/\/www.konehirsi.fi\/index.php?rest_route=%2Fwp%2Fv2%2Fcomments&post=79"}],"version-history":[{"count":33,"href":"https:\/\/www.konehirsi.fi\/index.php?rest_route=\/wp\/v2\/pages\/79\/revisions"}],"predecessor-version":[{"id":237,"href":"https:\/\/www.konehirsi.fi\/index.php?rest_route=\/wp\/v2\/pages\/79\/revisions\/237"}],"wp:attachment":[{"href":"https:\/\/www.konehirsi.fi\/index.php?rest_route=%2Fwp%2Fv2%2Fmedia&parent=79"}],"curies":[{"name":"wp","href":"https:\/\/api.w.org\/{rel}","templated":true}]}}