{"id":25,"date":"2024-06-26T11:18:50","date_gmt":"2024-06-26T11:18:50","guid":{"rendered":"https:\/\/www.konehirsi.fi\/?page_id=25"},"modified":"2024-06-26T14:08:46","modified_gmt":"2024-06-26T14:08:46","slug":"yhteystiedot","status":"publish","type":"page","link":"https:\/\/www.konehirsi.fi\/?page_id=25","title":{"rendered":"Yhteystiedot"},"content":{"rendered":"\n<h2 class=\"wp-block-heading\">KR Konehirsi Oy toimii Lahdessa<\/h2>\n\n\n\n<h3 class=\"wp-block-heading\">Uudet ja k\u00e4ytetyt koneet edullisesti<\/h3>\n\n\n\n<p>KR Konehirsi Oy:lt\u00e4 hankit laadukkaat ja hyv\u00e4kuntoiset, joko uudet tai k\u00e4ytetyt koneet metalliteollisuuden t\u00f6ihin tai muihin teollisuust\u00f6ihin.\u00a0<a href=\"https:\/\/www.konehirsi.fi\/?page_id=156\" data-type=\"page\" data-id=\"156\">Katso konevalikoima<\/a>\u00a0ja ota yhteytt\u00e4 kysy\u00e4ksesi lis\u00e4tietoja ja varataksesi esittelyn!<\/p>\n\n\n\n<h3 class=\"wp-block-heading\">Yhteystiedot<\/h3>\n\n\n\n<p><strong>KR Konehirsi Oy<\/strong><br>Vipusenkatu 9<br>15230 LAHTI<\/p>\n\n\n\n<p>Puh.&nbsp;<strong><a href=\"tel:0445598474\">044 5598 474<\/a><\/strong><\/p>\n\n\n\n<p>Puh.&nbsp;<strong><a href=\"tel:0440881112\">044 088 1112<\/a><\/strong><\/p>\n\n\n\n<p><a href=\"https:\/\/web.archive.org\/web\/20220701071154\/mailto:konehirsi@konehirsi.fi\">konehirsi@konehirsi.fi<\/a><\/p>\n","protected":false},"excerpt":{"rendered":"<p>KR Konehirsi Oy toimii Lahdessa Uudet ja k\u00e4ytetyt koneet edullisesti KR Konehirsi Oy:lt\u00e4 hankit laadukkaat ja hyv\u00e4kuntoiset, joko uudet tai k\u00e4ytetyt koneet metalliteollisuuden t\u00f6ihin tai muihin teollisuust\u00f6ihin.\u00a0Katso konevalikoima\u00a0ja ota yhteytt\u00e4&hellip;<\/p>\n","protected":false},"author":1,"featured_media":0,"parent":0,"menu_order":0,"comment_status":"closed","ping_status":"closed","template":"","meta":{"footnotes":""},"class_list":["post-25","page","type-page","status-publish","hentry"],"_links":{"self":[{"href":"https:\/\/www.konehirsi.fi\/index.php?rest_route=\/wp\/v2\/pages\/25","targetHints":{"allow":["GET"]}}],"collection":[{"href":"https:\/\/www.konehirsi.fi\/index.php?rest_route=\/wp\/v2\/pages"}],"about":[{"href":"https:\/\/www.konehirsi.fi\/index.php?rest_route=\/wp\/v2\/types\/page"}],"author":[{"embeddable":true,"href":"https:\/\/www.konehirsi.fi\/index.php?rest_route=\/wp\/v2\/users\/1"}],"replies":[{"embeddable":true,"href":"https:\/\/www.konehirsi.fi\/index.php?rest_route=%2Fwp%2Fv2%2Fcomments&post=25"}],"version-history":[{"count":3,"href":"https:\/\/www.konehirsi.fi\/index.php?rest_route=\/wp\/v2\/pages\/25\/revisions"}],"predecessor-version":[{"id":162,"href":"https:\/\/www.konehirsi.fi\/index.php?rest_route=\/wp\/v2\/pages\/25\/revisions\/162"}],"wp:attachment":[{"href":"https:\/\/www.konehirsi.fi\/index.php?rest_route=%2Fwp%2Fv2%2Fmedia&parent=25"}],"curies":[{"name":"wp","href":"https:\/\/api.w.org\/{rel}","templated":true}]}}