{"id":18,"date":"2024-06-26T11:14:14","date_gmt":"2024-06-26T11:14:14","guid":{"rendered":"https:\/\/www.konehirsi.fi\/?page_id=18"},"modified":"2024-06-26T14:00:56","modified_gmt":"2024-06-26T14:00:56","slug":"muut-myytavat","status":"publish","type":"page","link":"https:\/\/www.konehirsi.fi\/?page_id=18","title":{"rendered":"Muuta myyt\u00e4v\u00e4\u00e4"},"content":{"rendered":"\n<p><\/p>\n\n\n\n<div class=\"wp-block-columns is-layout-flex wp-container-core-columns-is-layout-9d6595d7 wp-block-columns-is-layout-flex\">\n<div class=\"wp-block-column is-layout-flow wp-block-column-is-layout-flow\">\n<figure class=\"wp-block-image size-large is-resized\"><img loading=\"lazy\" decoding=\"async\" width=\"1024\" height=\"574\" src=\"https:\/\/www.konehirsi.fi\/wp-content\/uploads\/2024\/06\/process-smoothing-interior-cylinder-2-1024x574.jpg\" alt=\"\" class=\"wp-image-102\" style=\"object-fit:cover;width:500px;height:350px\" srcset=\"https:\/\/www.konehirsi.fi\/wp-content\/uploads\/2024\/06\/process-smoothing-interior-cylinder-2-1024x574.jpg 1024w, https:\/\/www.konehirsi.fi\/wp-content\/uploads\/2024\/06\/process-smoothing-interior-cylinder-2-300x168.jpg 300w, https:\/\/www.konehirsi.fi\/wp-content\/uploads\/2024\/06\/process-smoothing-interior-cylinder-2-768x430.jpg 768w\" sizes=\"auto, (max-width: 1024px) 100vw, 1024px\" \/><\/figure>\n\n\n\n<h2 class=\"wp-block-heading\"><a href=\"https:\/\/www.konehirsi.fi\/?p=138\" data-type=\"link\" data-id=\"https:\/\/www.konehirsi.fi\/?p=138\">BM 4400 py\u00f6r\u00e4kuormaaja<\/a><\/h2>\n\n\n\n<p>11 000,00\u20ac<\/p>\n<\/div>\n\n\n\n<div class=\"wp-block-column is-layout-flow wp-block-column-is-layout-flow\">\n<figure class=\"wp-block-image size-full is-resized\"><img loading=\"lazy\" decoding=\"async\" width=\"2560\" height=\"1434\" src=\"https:\/\/www.konehirsi.fi\/wp-content\/uploads\/2024\/06\/process-smoothing-interior-cylinder-1-scaled.jpg\" alt=\"\" class=\"wp-image-95\" style=\"object-fit:cover;width:500px;height:350px\" srcset=\"https:\/\/www.konehirsi.fi\/wp-content\/uploads\/2024\/06\/process-smoothing-interior-cylinder-1-scaled.jpg 2560w, https:\/\/www.konehirsi.fi\/wp-content\/uploads\/2024\/06\/process-smoothing-interior-cylinder-1-300x168.jpg 300w, https:\/\/www.konehirsi.fi\/wp-content\/uploads\/2024\/06\/process-smoothing-interior-cylinder-1-1024x574.jpg 1024w, https:\/\/www.konehirsi.fi\/wp-content\/uploads\/2024\/06\/process-smoothing-interior-cylinder-1-768x430.jpg 768w\" sizes=\"auto, (max-width: 2560px) 100vw, 2560px\" \/><\/figure>\n\n\n\n<h2 class=\"wp-block-heading\"><a href=\"https:\/\/www.konehirsi.fi\/?p=142\" data-type=\"link\" data-id=\"https:\/\/www.konehirsi.fi\/?p=142\">Farmi per\u00e4vaunu<\/a><\/h2>\n\n\n\n<p>2 900,00\u20ac<\/p>\n<\/div>\n<\/div>\n\n\n\n<div class=\"wp-block-columns is-layout-flex wp-container-core-columns-is-layout-9d6595d7 wp-block-columns-is-layout-flex\">\n<div class=\"wp-block-column is-layout-flow wp-block-column-is-layout-flow\">\n<figure class=\"wp-block-image size-large is-resized\"><img loading=\"lazy\" decoding=\"async\" width=\"1024\" height=\"574\" src=\"https:\/\/www.konehirsi.fi\/wp-content\/uploads\/2024\/06\/process-smoothing-interior-cylinder-1-1024x574.jpg\" alt=\"\" class=\"wp-image-95\" style=\"object-fit:cover;width:500px;height:350px\" srcset=\"https:\/\/www.konehirsi.fi\/wp-content\/uploads\/2024\/06\/process-smoothing-interior-cylinder-1-1024x574.jpg 1024w, https:\/\/www.konehirsi.fi\/wp-content\/uploads\/2024\/06\/process-smoothing-interior-cylinder-1-300x168.jpg 300w, https:\/\/www.konehirsi.fi\/wp-content\/uploads\/2024\/06\/process-smoothing-interior-cylinder-1-768x430.jpg 768w\" sizes=\"auto, (max-width: 1024px) 100vw, 1024px\" \/><\/figure>\n\n\n\n<h2 class=\"wp-block-heading\"><a href=\"https:\/\/www.konehirsi.fi\/?p=146\" data-type=\"link\" data-id=\"https:\/\/www.konehirsi.fi\/?p=146\">Haarukkanostimet<\/a><\/h2>\n<\/div>\n\n\n\n<div class=\"wp-block-column is-layout-flow wp-block-column-is-layout-flow\">\n<figure class=\"wp-block-image size-large is-resized\"><img loading=\"lazy\" decoding=\"async\" width=\"1024\" height=\"574\" src=\"https:\/\/www.konehirsi.fi\/wp-content\/uploads\/2024\/06\/process-smoothing-interior-cylinder-1-1024x574.jpg\" alt=\"\" class=\"wp-image-95\" style=\"object-fit:cover;width:500px;height:350px\" srcset=\"https:\/\/www.konehirsi.fi\/wp-content\/uploads\/2024\/06\/process-smoothing-interior-cylinder-1-1024x574.jpg 1024w, https:\/\/www.konehirsi.fi\/wp-content\/uploads\/2024\/06\/process-smoothing-interior-cylinder-1-300x168.jpg 300w, https:\/\/www.konehirsi.fi\/wp-content\/uploads\/2024\/06\/process-smoothing-interior-cylinder-1-768x430.jpg 768w\" sizes=\"auto, (max-width: 1024px) 100vw, 1024px\" \/><\/figure>\n\n\n\n<h2 class=\"wp-block-heading\"><a href=\"https:\/\/www.konehirsi.fi\/?p=148\" data-type=\"link\" data-id=\"https:\/\/www.konehirsi.fi\/?p=148\">Hitsattavia pisarasaranoita<\/a><\/h2>\n\n\n\n<p>2,05\u20ac<\/p>\n<\/div>\n<\/div>\n\n\n\n<div class=\"wp-block-columns is-layout-flex wp-container-core-columns-is-layout-9d6595d7 wp-block-columns-is-layout-flex\">\n<div class=\"wp-block-column is-layout-flow wp-block-column-is-layout-flow\">\n<figure class=\"wp-block-image size-large is-resized\"><img loading=\"lazy\" decoding=\"async\" width=\"1024\" height=\"574\" src=\"https:\/\/www.konehirsi.fi\/wp-content\/uploads\/2024\/06\/process-smoothing-interior-cylinder-1-1024x574.jpg\" alt=\"\" class=\"wp-image-95\" style=\"object-fit:cover;width:500px;height:350px\" srcset=\"https:\/\/www.konehirsi.fi\/wp-content\/uploads\/2024\/06\/process-smoothing-interior-cylinder-1-1024x574.jpg 1024w, https:\/\/www.konehirsi.fi\/wp-content\/uploads\/2024\/06\/process-smoothing-interior-cylinder-1-300x168.jpg 300w, https:\/\/www.konehirsi.fi\/wp-content\/uploads\/2024\/06\/process-smoothing-interior-cylinder-1-768x430.jpg 768w\" sizes=\"auto, (max-width: 1024px) 100vw, 1024px\" \/><\/figure>\n\n\n\n<h2 class=\"wp-block-heading\"><a href=\"https:\/\/www.konehirsi.fi\/?p=151\" data-type=\"link\" data-id=\"https:\/\/www.konehirsi.fi\/?p=151\">Luonnonkivilaattoja &#8211; runsaasti erilaisia<\/a><\/h2>\n<\/div>\n\n\n\n<div class=\"wp-block-column is-layout-flow wp-block-column-is-layout-flow\">\n<figure class=\"wp-block-image size-large is-resized\"><img loading=\"lazy\" decoding=\"async\" width=\"1024\" height=\"574\" src=\"https:\/\/www.konehirsi.fi\/wp-content\/uploads\/2024\/06\/process-smoothing-interior-cylinder-1-1024x574.jpg\" alt=\"\" class=\"wp-image-95\" style=\"object-fit:cover;width:500px;height:350px\" srcset=\"https:\/\/www.konehirsi.fi\/wp-content\/uploads\/2024\/06\/process-smoothing-interior-cylinder-1-1024x574.jpg 1024w, https:\/\/www.konehirsi.fi\/wp-content\/uploads\/2024\/06\/process-smoothing-interior-cylinder-1-300x168.jpg 300w, https:\/\/www.konehirsi.fi\/wp-content\/uploads\/2024\/06\/process-smoothing-interior-cylinder-1-768x430.jpg 768w\" sizes=\"auto, (max-width: 1024px) 100vw, 1024px\" \/><\/figure>\n\n\n\n<h2 class=\"wp-block-heading\"><a href=\"https:\/\/www.konehirsi.fi\/?p=153\" data-type=\"link\" data-id=\"https:\/\/www.konehirsi.fi\/?p=153\">Muoviraaka-aineita<\/a><\/h2>\n<\/div>\n<\/div>\n","protected":false},"excerpt":{"rendered":"<p>BM 4400 py\u00f6r\u00e4kuormaaja 11 000,00\u20ac Farmi per\u00e4vaunu 2 900,00\u20ac Haarukkanostimet Hitsattavia pisarasaranoita 2,05\u20ac Luonnonkivilaattoja &#8211; runsaasti erilaisia Muoviraaka-aineita<\/p>\n","protected":false},"author":1,"featured_media":0,"parent":0,"menu_order":0,"comment_status":"closed","ping_status":"closed","template":"","meta":{"footnotes":""},"class_list":["post-18","page","type-page","status-publish","hentry"],"_links":{"self":[{"href":"https:\/\/www.konehirsi.fi\/index.php?rest_route=\/wp\/v2\/pages\/18","targetHints":{"allow":["GET"]}}],"collection":[{"href":"https:\/\/www.konehirsi.fi\/index.php?rest_route=\/wp\/v2\/pages"}],"about":[{"href":"https:\/\/www.konehirsi.fi\/index.php?rest_route=\/wp\/v2\/types\/page"}],"author":[{"embeddable":true,"href":"https:\/\/www.konehirsi.fi\/index.php?rest_route=\/wp\/v2\/users\/1"}],"replies":[{"embeddable":true,"href":"https:\/\/www.konehirsi.fi\/index.php?rest_route=%2Fwp%2Fv2%2Fcomments&post=18"}],"version-history":[{"count":5,"href":"https:\/\/www.konehirsi.fi\/index.php?rest_route=\/wp\/v2\/pages\/18\/revisions"}],"predecessor-version":[{"id":155,"href":"https:\/\/www.konehirsi.fi\/index.php?rest_route=\/wp\/v2\/pages\/18\/revisions\/155"}],"wp:attachment":[{"href":"https:\/\/www.konehirsi.fi\/index.php?rest_route=%2Fwp%2Fv2%2Fmedia&parent=18"}],"curies":[{"name":"wp","href":"https:\/\/api.w.org\/{rel}","templated":true}]}}