{"id":156,"date":"2024-06-26T14:04:40","date_gmt":"2024-06-26T14:04:40","guid":{"rendered":"https:\/\/www.konehirsi.fi\/?page_id=156"},"modified":"2024-06-26T14:05:41","modified_gmt":"2024-06-26T14:05:41","slug":"myytavat-tuotteet","status":"publish","type":"page","link":"https:\/\/www.konehirsi.fi\/?page_id=156","title":{"rendered":"Myyt\u00e4v\u00e4t tuotteet"},"content":{"rendered":"\n<h2 class=\"wp-block-heading\">Porajyrsin, CNC-koneet sek\u00e4 muut laitteet meilt\u00e4<\/h2>\n\n\n\n<h3 class=\"wp-block-heading\">Hanki hyv\u00e4kuntoiset metallinty\u00f6st\u00f6koneet Lahdesta<\/h3>\n\n\n\n<p>KR Konehirsi Oy:n p\u00e4\u00e4palvelu on teollisuuden koneiden myynti ja valmistus Lahden seudulla. &nbsp;Konevalikoimiin kuuluvat muun muassa porajyrsin, CNC-koneet sek\u00e4 muut ty\u00f6st\u00f6koneet. T\u00e4ll\u00e4 sivulla voit selailla valikoimaamme; meilt\u00e4 l\u00f6yd\u00e4t<\/p>\n\n\n\n<ul class=\"wp-block-list\">\n<li>uudet koneet<\/li>\n\n\n\n<li>k\u00e4ytetyt koneet<\/li>\n\n\n\n<li>muuta myyt\u00e4v\u00e4\u00e4<\/li>\n<\/ul>\n\n\n\n<p>Katso valikoima ja\u00a0<a href=\"https:\/\/www.konehirsi.fi\/?page_id=25\" data-type=\"page\" data-id=\"25\">ota yhteytt\u00e4!<\/a>\u00a0Kerromme mielell\u00e4mme lis\u00e4\u00e4 koneista ja voimme sopia esittelyn, jotta p\u00e4\u00e4set itse tarkastamaan koneen kunnon ja tutustumaan sen ominaisuuksiin k\u00e4yt\u00e4nn\u00f6ss\u00e4.<\/p>\n\n\n\n<h3 class=\"wp-block-heading\">Myyt\u00e4v\u00e4t koneet ja muut tuotteet<\/h3>\n\n\n\n<div class=\"wp-block-columns is-layout-flex wp-container-core-columns-is-layout-9d6595d7 wp-block-columns-is-layout-flex\">\n<div class=\"wp-block-column is-layout-flow wp-block-column-is-layout-flow\">\n<div class=\"wp-block-cover is-light\"><span aria-hidden=\"true\" class=\"wp-block-cover__background has-pale-pink-background-color has-background-dim-100 has-background-dim\"><\/span><div class=\"wp-block-cover__inner-container is-layout-constrained wp-block-cover-is-layout-constrained\">\n<p class=\"has-text-align-center has-large-font-size\"><a href=\"https:\/\/www.konehirsi.fi\/?page_id=14\" data-type=\"page\" data-id=\"14\">Uudet koneet<\/a><\/p>\n<\/div><\/div>\n<\/div>\n\n\n\n<div class=\"wp-block-column is-layout-flow wp-block-column-is-layout-flow\">\n<div class=\"wp-block-cover is-light\"><span aria-hidden=\"true\" class=\"wp-block-cover__background has-luminous-vivid-orange-background-color has-background-dim-100 has-background-dim\"><\/span><div class=\"wp-block-cover__inner-container is-layout-constrained wp-block-cover-is-layout-constrained\">\n<p class=\"has-text-align-center has-large-font-size\"><a href=\"https:\/\/www.konehirsi.fi\/?page_id=16\" data-type=\"page\" data-id=\"16\">K\u00e4ytetyt koneet<\/a><\/p>\n<\/div><\/div>\n<\/div>\n\n\n\n<div class=\"wp-block-column is-layout-flow wp-block-column-is-layout-flow\">\n<div class=\"wp-block-cover is-light\"><span aria-hidden=\"true\" class=\"wp-block-cover__background has-pale-cyan-blue-background-color has-background-dim-100 has-background-dim\"><\/span><div class=\"wp-block-cover__inner-container is-layout-constrained wp-block-cover-is-layout-constrained\">\n<p class=\"has-text-align-center has-large-font-size\"><a href=\"https:\/\/www.konehirsi.fi\/?page_id=18\" data-type=\"page\" data-id=\"18\">Muuta myyt\u00e4v\u00e4\u00e4<\/a><\/p>\n<\/div><\/div>\n<\/div>\n<\/div>\n","protected":false},"excerpt":{"rendered":"<p>Porajyrsin, CNC-koneet sek\u00e4 muut laitteet meilt\u00e4 Hanki hyv\u00e4kuntoiset metallinty\u00f6st\u00f6koneet Lahdesta KR Konehirsi Oy:n p\u00e4\u00e4palvelu on teollisuuden koneiden myynti ja valmistus Lahden seudulla. &nbsp;Konevalikoimiin kuuluvat muun muassa porajyrsin, CNC-koneet sek\u00e4 muut&hellip;<\/p>\n","protected":false},"author":1,"featured_media":0,"parent":0,"menu_order":0,"comment_status":"closed","ping_status":"closed","template":"","meta":{"footnotes":""},"class_list":["post-156","page","type-page","status-publish","hentry"],"_links":{"self":[{"href":"https:\/\/www.konehirsi.fi\/index.php?rest_route=\/wp\/v2\/pages\/156","targetHints":{"allow":["GET"]}}],"collection":[{"href":"https:\/\/www.konehirsi.fi\/index.php?rest_route=\/wp\/v2\/pages"}],"about":[{"href":"https:\/\/www.konehirsi.fi\/index.php?rest_route=\/wp\/v2\/types\/page"}],"author":[{"embeddable":true,"href":"https:\/\/www.konehirsi.fi\/index.php?rest_route=\/wp\/v2\/users\/1"}],"replies":[{"embeddable":true,"href":"https:\/\/www.konehirsi.fi\/index.php?rest_route=%2Fwp%2Fv2%2Fcomments&post=156"}],"version-history":[{"count":2,"href":"https:\/\/www.konehirsi.fi\/index.php?rest_route=\/wp\/v2\/pages\/156\/revisions"}],"predecessor-version":[{"id":159,"href":"https:\/\/www.konehirsi.fi\/index.php?rest_route=\/wp\/v2\/pages\/156\/revisions\/159"}],"wp:attachment":[{"href":"https:\/\/www.konehirsi.fi\/index.php?rest_route=%2Fwp%2Fv2%2Fmedia&parent=156"}],"curies":[{"name":"wp","href":"https:\/\/api.w.org\/{rel}","templated":true}]}}