{"id":14,"date":"2024-06-26T11:13:37","date_gmt":"2024-06-26T11:13:37","guid":{"rendered":"https:\/\/www.konehirsi.fi\/?page_id=14"},"modified":"2024-06-26T14:11:22","modified_gmt":"2024-06-26T14:11:22","slug":"uudet-koneet","status":"publish","type":"page","link":"https:\/\/www.konehirsi.fi\/?page_id=14","title":{"rendered":"Uudet koneet"},"content":{"rendered":"\n<p class=\"has-medium-font-size\">Laadukkaat uudet koneet erilaisiin ty\u00f6st\u00f6teht\u00e4viin. Ty\u00f6skentely\u00e4 helpottavat, pitk\u00e4ik\u00e4iset ja ammattilaisten suosimat koneet.<\/p>\n\n\n\n<div class=\"wp-block-columns is-layout-flex wp-container-core-columns-is-layout-9d6595d7 wp-block-columns-is-layout-flex\">\n<div class=\"wp-block-column is-layout-flow wp-block-column-is-layout-flow\">\n<figure class=\"wp-block-image size-large is-resized\"><img loading=\"lazy\" decoding=\"async\" width=\"1024\" height=\"574\" src=\"https:\/\/www.konehirsi.fi\/wp-content\/uploads\/2024\/06\/process-smoothing-interior-cylinder-1024x574.jpg\" alt=\"\" class=\"wp-image-11\" style=\"object-fit:cover;width:500px;height:350px\" srcset=\"https:\/\/www.konehirsi.fi\/wp-content\/uploads\/2024\/06\/process-smoothing-interior-cylinder-1024x574.jpg 1024w, https:\/\/www.konehirsi.fi\/wp-content\/uploads\/2024\/06\/process-smoothing-interior-cylinder-300x168.jpg 300w, https:\/\/www.konehirsi.fi\/wp-content\/uploads\/2024\/06\/process-smoothing-interior-cylinder-768x430.jpg 768w\" sizes=\"auto, (max-width: 1024px) 100vw, 1024px\" \/><\/figure>\n\n\n\n<p class=\"has-large-font-size\"><code><a href=\"https:\/\/www.konehirsi.fi\/?p=111\" data-type=\"link\" data-id=\"https:\/\/www.konehirsi.fi\/?p=111\"><strong>WEIDA C6136<\/strong><\/a><\/code><\/p>\n\n\n\n<p class=\"has-medium-font-size\">8 900,00\u20ac<\/p>\n<\/div>\n\n\n\n<div class=\"wp-block-column is-layout-flow wp-block-column-is-layout-flow\">\n<figure class=\"wp-block-image size-full is-resized\"><img loading=\"lazy\" decoding=\"async\" width=\"2560\" height=\"1434\" src=\"https:\/\/www.konehirsi.fi\/wp-content\/uploads\/2024\/06\/process-smoothing-interior-cylinder-scaled.jpg\" alt=\"\" class=\"wp-image-11\" style=\"object-fit:cover;width:500px;height:350px\" srcset=\"https:\/\/www.konehirsi.fi\/wp-content\/uploads\/2024\/06\/process-smoothing-interior-cylinder-scaled.jpg 2560w, https:\/\/www.konehirsi.fi\/wp-content\/uploads\/2024\/06\/process-smoothing-interior-cylinder-300x168.jpg 300w, https:\/\/www.konehirsi.fi\/wp-content\/uploads\/2024\/06\/process-smoothing-interior-cylinder-1024x574.jpg 1024w, https:\/\/www.konehirsi.fi\/wp-content\/uploads\/2024\/06\/process-smoothing-interior-cylinder-768x430.jpg 768w\" sizes=\"auto, (max-width: 2560px) 100vw, 2560px\" \/><\/figure>\n\n\n\n<h2 class=\"wp-block-heading has-large-font-size\"><code><a href=\"https:\/\/www.konehirsi.fi\/?p=108\" data-type=\"link\" data-id=\"https:\/\/www.konehirsi.fi\/?p=108\"><strong>WEIDA XK7142<\/strong><\/a><\/code><\/h2>\n\n\n\n<p class=\"has-medium-font-size\">18 900,00\u20ac<\/p>\n<\/div>\n<\/div>\n\n\n\n<div class=\"wp-block-columns is-layout-flex wp-container-core-columns-is-layout-9d6595d7 wp-block-columns-is-layout-flex\">\n<div class=\"wp-block-column is-layout-flow wp-block-column-is-layout-flow\">\n<figure class=\"wp-block-image size-large is-resized\"><img loading=\"lazy\" decoding=\"async\" width=\"1024\" height=\"574\" src=\"https:\/\/www.konehirsi.fi\/wp-content\/uploads\/2024\/06\/process-smoothing-interior-cylinder-2-1024x574.jpg\" alt=\"\" class=\"wp-image-102\" style=\"object-fit:cover;width:500px;height:350px\" srcset=\"https:\/\/www.konehirsi.fi\/wp-content\/uploads\/2024\/06\/process-smoothing-interior-cylinder-2-1024x574.jpg 1024w, https:\/\/www.konehirsi.fi\/wp-content\/uploads\/2024\/06\/process-smoothing-interior-cylinder-2-300x168.jpg 300w, https:\/\/www.konehirsi.fi\/wp-content\/uploads\/2024\/06\/process-smoothing-interior-cylinder-2-768x430.jpg 768w\" sizes=\"auto, (max-width: 1024px) 100vw, 1024px\" \/><\/figure>\n\n\n\n<p class=\"has-large-font-size\"><strong><code><a href=\"https:\/\/www.konehirsi.fi\/?p=114\" data-type=\"link\" data-id=\"https:\/\/www.konehirsi.fi\/?p=114\">WEIDA XZ-4B<\/a><\/code><\/strong><\/p>\n\n\n\n<p class=\"has-medium-font-size\">4 400,00\u20ac<\/p>\n<\/div>\n\n\n\n<div class=\"wp-block-column is-layout-flow wp-block-column-is-layout-flow\">\n<figure class=\"wp-block-image size-large is-resized\"><img loading=\"lazy\" decoding=\"async\" width=\"1024\" height=\"574\" src=\"https:\/\/www.konehirsi.fi\/wp-content\/uploads\/2024\/06\/process-smoothing-interior-cylinder-2-1024x574.jpg\" alt=\"\" class=\"wp-image-102\" style=\"object-fit:cover;width:500px;height:350px\" srcset=\"https:\/\/www.konehirsi.fi\/wp-content\/uploads\/2024\/06\/process-smoothing-interior-cylinder-2-1024x574.jpg 1024w, https:\/\/www.konehirsi.fi\/wp-content\/uploads\/2024\/06\/process-smoothing-interior-cylinder-2-300x168.jpg 300w, https:\/\/www.konehirsi.fi\/wp-content\/uploads\/2024\/06\/process-smoothing-interior-cylinder-2-768x430.jpg 768w\" sizes=\"auto, (max-width: 1024px) 100vw, 1024px\" \/><\/figure>\n\n\n\n<h2 class=\"wp-block-heading has-large-font-size\"><code><strong><a href=\"https:\/\/www.konehirsi.fi\/?p=116\" data-type=\"link\" data-id=\"https:\/\/www.konehirsi.fi\/?p=116\">WEIDA XZ6326<\/a><\/strong><\/code><\/h2>\n\n\n\n<p class=\"has-medium-font-size\">12 900,00\u20ac<\/p>\n<\/div>\n<\/div>\n\n\n\n<p><\/p>\n","protected":false},"excerpt":{"rendered":"<p>Laadukkaat uudet koneet erilaisiin ty\u00f6st\u00f6teht\u00e4viin. Ty\u00f6skentely\u00e4 helpottavat, pitk\u00e4ik\u00e4iset ja ammattilaisten suosimat koneet. WEIDA C6136 8 900,00\u20ac WEIDA XK7142 18 900,00\u20ac WEIDA XZ-4B 4 400,00\u20ac WEIDA XZ6326 12 900,00\u20ac<\/p>\n","protected":false},"author":1,"featured_media":0,"parent":0,"menu_order":0,"comment_status":"closed","ping_status":"closed","template":"","meta":{"footnotes":""},"class_list":["post-14","page","type-page","status-publish","hentry"],"_links":{"self":[{"href":"https:\/\/www.konehirsi.fi\/index.php?rest_route=\/wp\/v2\/pages\/14","targetHints":{"allow":["GET"]}}],"collection":[{"href":"https:\/\/www.konehirsi.fi\/index.php?rest_route=\/wp\/v2\/pages"}],"about":[{"href":"https:\/\/www.konehirsi.fi\/index.php?rest_route=\/wp\/v2\/types\/page"}],"author":[{"embeddable":true,"href":"https:\/\/www.konehirsi.fi\/index.php?rest_route=\/wp\/v2\/users\/1"}],"replies":[{"embeddable":true,"href":"https:\/\/www.konehirsi.fi\/index.php?rest_route=%2Fwp%2Fv2%2Fcomments&post=14"}],"version-history":[{"count":11,"href":"https:\/\/www.konehirsi.fi\/index.php?rest_route=\/wp\/v2\/pages\/14\/revisions"}],"predecessor-version":[{"id":164,"href":"https:\/\/www.konehirsi.fi\/index.php?rest_route=\/wp\/v2\/pages\/14\/revisions\/164"}],"wp:attachment":[{"href":"https:\/\/www.konehirsi.fi\/index.php?rest_route=%2Fwp%2Fv2%2Fmedia&parent=14"}],"curies":[{"name":"wp","href":"https:\/\/api.w.org\/{rel}","templated":true}]}}